{"id":2963,"date":"2019-05-25T06:37:15","date_gmt":"2019-05-25T06:37:15","guid":{"rendered":"http:\/\/sailing.thimpress.com\/elementor06\/?page_id=2963"},"modified":"2025-05-07T16:41:12","modified_gmt":"2025-05-07T16:41:12","slug":"about-us","status":"publish","type":"page","link":"https:\/\/agarwoodhotel.com\/index.php\/about-us\/","title":{"rendered":"About Us"},"content":{"rendered":"\t\t<div data-elementor-type=\"wp-post\" data-elementor-id=\"2963\" class=\"elementor elementor-2963\">\n\t\t\t\t\t\t<section class=\"elementor-section elementor-top-section elementor-element elementor-element-df28050 elementor-section-full_width elementor-section-height-default elementor-section-height-default\" data-id=\"df28050\" data-element_type=\"section\" data-e-type=\"section\">\n\t\t\t\t\t\t<div class=\"elementor-container elementor-column-gap-default\">\n\t\t\t\t\t<div class=\"elementor-column elementor-col-100 elementor-top-column elementor-element elementor-element-c6c8e17\" data-id=\"c6c8e17\" data-element_type=\"column\" data-e-type=\"column\">\n\t\t\t<div class=\"elementor-widget-wrap elementor-element-populated\">\n\t\t\t\t\t\t<div class=\"elementor-element elementor-element-41b910b elementor-widget elementor-widget-thim-icon-box\" data-id=\"41b910b\" data-element_type=\"widget\" data-e-type=\"widget\" data-widget_type=\"thim-icon-box.default\">\n\t\t\t\t<div class=\"elementor-widget-container\">\n\t\t\t\t\t<div class=\"inner-box auto-hidden\"><div  class=\"wrapper-box-icon text-center   wrapper-line-heading\" ><div class=\"smicon-box iconbox-top\"><div class=\"content-inner\" ><div class=\"sc-heading article_heading\"><h3 class = \"heading__primary\" >Agarwood Hotel<\/h3><span class=\"line-heading\"><span><\/span><\/span><\/div><div class=\"desc-icon-box\"><div style=\"font-weight: normal;\">N\u1eb1m t\u1ea1i v\u1ecb tr\u00ed thu\u1eadn ti\u1ec7n \u1edf Qu\u1eadn Ho\u00e0n Ki\u1ebfm, Ha\u0300 N\u00f4\u0323i, Agarwood t\u1ecda l\u1ea1c c\u00e1ch H\u1ed3 Ho\u00e0n Ki\u1ebfm 8 ph\u00fat \u0111i b\u1ed9, \u00d4 Quan Ch\u01b0\u1edfng 600 m v\u00e0 Tr\u00e0ng Ti\u1ec1n Plaza ch\u01b0a \u0111\u1ebfn 1 km. Ch\u1ed7 ngh\u1ec9 n\u00e0y n\u1eb1m c\u00e1ch V\u0103n Mi\u1ebfu - Qu\u1ed1c T\u1eed Gi\u00e1m 2.2 km, Ho\u00e0ng th\u00e0nh Th\u0103ng Long 2.3 km v\u00e0 B\u1ea3o t\u00e0ng m\u1ef9 thu\u1eadt Vi\u1ec7t Nam 2.3 km. Ch\u1ed7 ngh\u1ec9 n\u00e0y c\u00e1ch Nh\u00e0 h\u00e1t m\u00faa r\u1ed1i Th\u0103ng Long 1 ph\u00fat \u0111i b\u1ed9 v\u00e0 trung t\u00e2m th\u00e0nh ph\u1ed1 400 m.<\/div><\/div><\/div><\/div><!--end smicon-box--><\/div><\/div><style>\n\t.smicon-read:hover {\n\t\tcolor:  !important;\n\t\tbackground:  !important;\n\t}\n\n\t.smicon-box .boxes-icon:hover {\n\t\tcolor:  !important;\n\t\tborder-color:  !important;\n\t\tbackground-color:  !important;\n\t}\n\n\t.smicon-box .boxes-icon:hover .icon i {\n\t\tcolor:  !important;\n\t}\n<\/style>\n\t\t\t\t<\/div>\n\t\t\t\t<\/div>\n\t\t\t\t\t<\/div>\n\t\t<\/div>\n\t\t\t\t\t<\/div>\n\t\t<\/section>\n\t\t\t\t<section class=\"elementor-section elementor-top-section elementor-element elementor-element-260b600 elementor-section-stretched thim-bg-overlay elementor-section-boxed elementor-section-height-default elementor-section-height-default\" data-id=\"260b600\" data-element_type=\"section\" data-e-type=\"section\" data-settings=\"{&quot;stretch_section&quot;:&quot;section-stretched&quot;,&quot;background_background&quot;:&quot;classic&quot;}\">\n\t\t\t\t\t\t<div class=\"elementor-container elementor-column-gap-default\">\n\t\t\t\t\t<div class=\"elementor-column elementor-col-25 elementor-top-column elementor-element elementor-element-50f8be2\" data-id=\"50f8be2\" data-element_type=\"column\" data-e-type=\"column\">\n\t\t\t<div class=\"elementor-widget-wrap elementor-element-populated\">\n\t\t\t\t\t\t<div class=\"elementor-element elementor-element-704b7c0 elementor-widget elementor-widget-thim-counter-box\" data-id=\"704b7c0\" data-element_type=\"widget\" data-e-type=\"widget\" data-widget_type=\"thim-counter-box.default\">\n\t\t\t\t<div class=\"elementor-widget-container\">\n\t\t\t\t\t<div class=\"counter-box \" style=\"color:#ffffff\"><div class=\"counterbox-content\"><div class=\"content-box-percentage\"><span class=\"display-percentage\" data-percentage=\"16\">16<\/span><h5 class=\"counter-box-content\">rooms<\/h5><\/div><\/div><\/div>\t\t\t\t<\/div>\n\t\t\t\t<\/div>\n\t\t\t\t\t<\/div>\n\t\t<\/div>\n\t\t\t\t<div class=\"elementor-column elementor-col-25 elementor-top-column elementor-element elementor-element-ae48291\" data-id=\"ae48291\" data-element_type=\"column\" data-e-type=\"column\">\n\t\t\t<div class=\"elementor-widget-wrap elementor-element-populated\">\n\t\t\t\t\t\t<div class=\"elementor-element elementor-element-1e3c138 elementor-widget elementor-widget-thim-counter-box\" data-id=\"1e3c138\" data-element_type=\"widget\" data-e-type=\"widget\" data-widget_type=\"thim-counter-box.default\">\n\t\t\t\t<div class=\"elementor-widget-container\">\n\t\t\t\t\t<div class=\"counter-box \" style=\"color:#ffffff\"><div class=\"counterbox-content\"><div class=\"content-box-percentage\"><span class=\"display-percentage\" data-percentage=\"10\">10<\/span><h5 class=\"counter-box-content\">staffs<\/h5><\/div><\/div><\/div>\t\t\t\t<\/div>\n\t\t\t\t<\/div>\n\t\t\t\t\t<\/div>\n\t\t<\/div>\n\t\t\t\t<div class=\"elementor-column elementor-col-25 elementor-top-column elementor-element elementor-element-bf6c1a1\" data-id=\"bf6c1a1\" data-element_type=\"column\" data-e-type=\"column\">\n\t\t\t<div class=\"elementor-widget-wrap elementor-element-populated\">\n\t\t\t\t\t\t<div class=\"elementor-element elementor-element-39328d3 elementor-widget elementor-widget-thim-counter-box\" data-id=\"39328d3\" data-element_type=\"widget\" data-e-type=\"widget\" data-widget_type=\"thim-counter-box.default\">\n\t\t\t\t<div class=\"elementor-widget-container\">\n\t\t\t\t\t<div class=\"counter-box \" style=\"color:#ffffff\"><div class=\"counterbox-content\"><div class=\"content-box-percentage\"><span class=\"display-percentage\" data-percentage=\"1\">1<\/span><h5 class=\"counter-box-content\">bar<\/h5><\/div><\/div><\/div>\t\t\t\t<\/div>\n\t\t\t\t<\/div>\n\t\t\t\t\t<\/div>\n\t\t<\/div>\n\t\t\t\t<div class=\"elementor-column elementor-col-25 elementor-top-column elementor-element elementor-element-e3792ac\" data-id=\"e3792ac\" data-element_type=\"column\" data-e-type=\"column\">\n\t\t\t<div class=\"elementor-widget-wrap elementor-element-populated\">\n\t\t\t\t\t\t<div class=\"elementor-element elementor-element-856a7cb elementor-widget elementor-widget-thim-counter-box\" data-id=\"856a7cb\" data-element_type=\"widget\" data-e-type=\"widget\" data-widget_type=\"thim-counter-box.default\">\n\t\t\t\t<div class=\"elementor-widget-container\">\n\t\t\t\t\t<div class=\"counter-box \" style=\"color:#ffffff\"><div class=\"counterbox-content\"><div class=\"content-box-percentage\"><span class=\"display-percentage\" data-percentage=\"1\">1<\/span><h5 class=\"counter-box-content\">pool<\/h5><\/div><\/div><\/div>\t\t\t\t<\/div>\n\t\t\t\t<\/div>\n\t\t\t\t\t<\/div>\n\t\t<\/div>\n\t\t\t\t\t<\/div>\n\t\t<\/section>\n\t\t\t\t<section class=\"elementor-section elementor-top-section elementor-element elementor-element-9c08339 elementor-section-full_width elementor-section-height-default elementor-section-height-default\" data-id=\"9c08339\" data-element_type=\"section\" data-e-type=\"section\">\n\t\t\t\t\t\t<div class=\"elementor-container elementor-column-gap-default\">\n\t\t\t\t\t<div class=\"elementor-column elementor-col-100 elementor-top-column elementor-element elementor-element-bd7075e\" data-id=\"bd7075e\" data-element_type=\"column\" data-e-type=\"column\">\n\t\t\t<div class=\"elementor-widget-wrap elementor-element-populated\">\n\t\t\t\t\t\t<div class=\"elementor-element elementor-element-98f4257 elementor-widget elementor-widget-thim-icon-box\" data-id=\"98f4257\" data-element_type=\"widget\" data-e-type=\"widget\" data-widget_type=\"thim-icon-box.default\">\n\t\t\t\t<div class=\"elementor-widget-container\">\n\t\t\t\t\t<div class=\"inner-box auto-hidden\"><div  class=\"wrapper-box-icon text-center   wrapper-line-heading\" ><div class=\"smicon-box iconbox-top\"><div class=\"content-inner\" ><div class=\"sc-heading article_heading\"><h3 class = \"heading__primary\" >Our Standard<\/h3><span class=\"line-heading\"><span><\/span><\/span><\/div><\/div><\/div><!--end smicon-box--><\/div><\/div><style>\n\t.smicon-read:hover {\n\t\tcolor:  !important;\n\t\tbackground:  !important;\n\t}\n\n\t.smicon-box .boxes-icon:hover {\n\t\tcolor:  !important;\n\t\tborder-color:  !important;\n\t\tbackground-color:  !important;\n\t}\n\n\t.smicon-box .boxes-icon:hover .icon i {\n\t\tcolor:  !important;\n\t}\n<\/style>\n\t\t\t\t<\/div>\n\t\t\t\t<\/div>\n\t\t\t\t<div class=\"elementor-element elementor-element-a16dbd0 elementor-widget elementor-widget-thim-list-html\" data-id=\"a16dbd0\" data-element_type=\"widget\" data-e-type=\"widget\" data-widget_type=\"thim-list-html.default\">\n\t\t\t\t<div class=\"elementor-widget-container\">\n\t\t\t\t\t<div class=\"list-html-content\"><div class=\"row\"><div class=\"col-sm-6\"><div class=\"item-content\"><div class=\"title-list\"><h5>1. Choose music carefully. <\/h5><\/div><div class=\"desc-list\">There are many variations of passages of Lorem Ipsum available, but the majority have suffered alteration in some form, by injected humour, or randomised words which don't look even slightly believable. <\/div><\/div><\/div><div class=\"col-sm-6\"><div class=\"item-content\"><div class=\"title-list\"><h5>2. Never serve food that has expired. <\/h5><\/div><div class=\"desc-list\">There are many variations of passages of Lorem Ipsum available, but the majority have suffered alteration in some form, by injected humour, or randomised words which don't look even slightly believable. <\/div><\/div><\/div><\/div><div class=\"row\"><div class=\"col-sm-6\"><div class=\"item-content\"><div class=\"title-list\"><h5>3. Keep the restaurant spotless. <\/h5><\/div><div class=\"desc-list\">There are many variations of passages of Lorem Ipsum available, but the majority have suffered alteration in some form, by injected humour, or randomised words which don't look even slightly believable. <\/div><\/div><\/div><div class=\"col-sm-6\"><div class=\"item-content\"><div class=\"title-list\"><h5>4. Make deliberate choices with lighting. <\/h5><\/div><div class=\"desc-list\">There are many variations of passages of Lorem Ipsum available, but the majority have suffered alteration in some form, by injected humour, or randomised words which don't look even slightly believable. <\/div><\/div><\/div><\/div><span class=\"line-center\"><\/span><\/div>\t\t\t\t<\/div>\n\t\t\t\t<\/div>\n\t\t\t\t\t<\/div>\n\t\t<\/div>\n\t\t\t\t\t<\/div>\n\t\t<\/section>\n\t\t\t\t<section class=\"elementor-section elementor-top-section elementor-element elementor-element-62af19b elementor-section-stretched elementor-section-boxed elementor-section-height-default elementor-section-height-default\" data-id=\"62af19b\" data-element_type=\"section\" data-e-type=\"section\" data-settings=\"{&quot;stretch_section&quot;:&quot;section-stretched&quot;,&quot;background_background&quot;:&quot;classic&quot;}\">\n\t\t\t\t\t\t<div class=\"elementor-container elementor-column-gap-default\">\n\t\t\t\t\t<div class=\"elementor-column elementor-col-100 elementor-top-column elementor-element elementor-element-ac1d23a\" data-id=\"ac1d23a\" data-element_type=\"column\" data-e-type=\"column\">\n\t\t\t<div class=\"elementor-widget-wrap elementor-element-populated\">\n\t\t\t\t\t\t<div class=\"elementor-element elementor-element-f7cd9c7 elementor-widget elementor-widget-thim-icon-box\" data-id=\"f7cd9c7\" data-element_type=\"widget\" data-e-type=\"widget\" data-widget_type=\"thim-icon-box.default\">\n\t\t\t\t<div class=\"elementor-widget-container\">\n\t\t\t\t\t<div class=\"inner-box auto-hidden\"><div  class=\"wrapper-box-icon text-center   wrapper-line-heading\" ><div class=\"smicon-box iconbox-top\"><div class=\"content-inner\" ><div class=\"sc-heading article_heading\"><h3 class = \"heading__primary\" >Gallery<\/h3><span class=\"line-heading\"><span><\/span><\/span><\/div><\/div><\/div><!--end smicon-box--><\/div><\/div><style>\n\t.smicon-read:hover {\n\t\tcolor:  !important;\n\t\tbackground:  !important;\n\t}\n\n\t.smicon-box .boxes-icon:hover {\n\t\tcolor:  !important;\n\t\tborder-color:  !important;\n\t\tbackground-color:  !important;\n\t}\n\n\t.smicon-box .boxes-icon:hover .icon i {\n\t\tcolor:  !important;\n\t}\n<\/style>\n\t\t\t\t<\/div>\n\t\t\t\t<\/div>\n\t\t\t\t<div class=\"elementor-element elementor-element-dbbc7d0 elementor-widget thim-widget-gallery-images\" data-id=\"dbbc7d0\" data-element_type=\"widget\" data-e-type=\"widget\" data-widget_type=\"thim-gallery-image.default\">\n\t\t\t\t<div class=\"elementor-widget-container\">\n\t\t\t\t\t<div class=\"thim-gallery-images owl-carousel gallery-img\"><div class=\"item\"><img fetchpriority=\"high\" decoding=\"async\" width=\"1170\" height=\"650\" src=\"https:\/\/agarwoodhotel.com\/wp-content\/uploads\/2016\/01\/gallery-4-1.jpg\" class=\"attachment-full size-full\" alt=\"\" srcset=\"https:\/\/agarwoodhotel.com\/wp-content\/uploads\/2016\/01\/gallery-4-1.jpg 1170w, https:\/\/agarwoodhotel.com\/wp-content\/uploads\/2016\/01\/gallery-4-1-300x167.jpg 300w, https:\/\/agarwoodhotel.com\/wp-content\/uploads\/2016\/01\/gallery-4-1-1024x569.jpg 1024w, https:\/\/agarwoodhotel.com\/wp-content\/uploads\/2016\/01\/gallery-4-1-768x427.jpg 768w, https:\/\/agarwoodhotel.com\/wp-content\/uploads\/2016\/01\/gallery-4-1-600x333.jpg 600w\" sizes=\"(max-width: 1170px) 100vw, 1170px\" \/><\/div><div class=\"item\"><img decoding=\"async\" width=\"1170\" height=\"650\" src=\"https:\/\/agarwoodhotel.com\/wp-content\/uploads\/2016\/01\/gallery-3-1.jpg\" class=\"attachment-full size-full\" alt=\"\" srcset=\"https:\/\/agarwoodhotel.com\/wp-content\/uploads\/2016\/01\/gallery-3-1.jpg 1170w, https:\/\/agarwoodhotel.com\/wp-content\/uploads\/2016\/01\/gallery-3-1-300x167.jpg 300w, https:\/\/agarwoodhotel.com\/wp-content\/uploads\/2016\/01\/gallery-3-1-1024x569.jpg 1024w, https:\/\/agarwoodhotel.com\/wp-content\/uploads\/2016\/01\/gallery-3-1-768x427.jpg 768w, https:\/\/agarwoodhotel.com\/wp-content\/uploads\/2016\/01\/gallery-3-1-600x333.jpg 600w\" sizes=\"(max-width: 1170px) 100vw, 1170px\" \/><\/div><div class=\"item\"><img decoding=\"async\" width=\"1170\" height=\"650\" src=\"https:\/\/agarwoodhotel.com\/wp-content\/uploads\/2016\/01\/gallery-2-1.jpg\" class=\"attachment-full size-full\" alt=\"\" srcset=\"https:\/\/agarwoodhotel.com\/wp-content\/uploads\/2016\/01\/gallery-2-1.jpg 1170w, https:\/\/agarwoodhotel.com\/wp-content\/uploads\/2016\/01\/gallery-2-1-300x167.jpg 300w, https:\/\/agarwoodhotel.com\/wp-content\/uploads\/2016\/01\/gallery-2-1-1024x569.jpg 1024w, https:\/\/agarwoodhotel.com\/wp-content\/uploads\/2016\/01\/gallery-2-1-768x427.jpg 768w, https:\/\/agarwoodhotel.com\/wp-content\/uploads\/2016\/01\/gallery-2-1-600x333.jpg 600w\" sizes=\"(max-width: 1170px) 100vw, 1170px\" \/><\/div><div class=\"item\"><img loading=\"lazy\" decoding=\"async\" width=\"1170\" height=\"650\" src=\"https:\/\/agarwoodhotel.com\/wp-content\/uploads\/2016\/01\/gallery-1-1.jpg\" class=\"attachment-full size-full\" alt=\"\" srcset=\"https:\/\/agarwoodhotel.com\/wp-content\/uploads\/2016\/01\/gallery-1-1.jpg 1170w, https:\/\/agarwoodhotel.com\/wp-content\/uploads\/2016\/01\/gallery-1-1-300x167.jpg 300w, https:\/\/agarwoodhotel.com\/wp-content\/uploads\/2016\/01\/gallery-1-1-1024x569.jpg 1024w, https:\/\/agarwoodhotel.com\/wp-content\/uploads\/2016\/01\/gallery-1-1-768x427.jpg 768w, https:\/\/agarwoodhotel.com\/wp-content\/uploads\/2016\/01\/gallery-1-1-600x333.jpg 600w\" sizes=\"(max-width: 1170px) 100vw, 1170px\" \/><\/div><div class=\"item\"><img loading=\"lazy\" decoding=\"async\" width=\"1170\" height=\"650\" src=\"https:\/\/agarwoodhotel.com\/wp-content\/uploads\/2016\/01\/gallery-5-1.jpg\" class=\"attachment-full size-full\" alt=\"\" srcset=\"https:\/\/agarwoodhotel.com\/wp-content\/uploads\/2016\/01\/gallery-5-1.jpg 1170w, https:\/\/agarwoodhotel.com\/wp-content\/uploads\/2016\/01\/gallery-5-1-300x167.jpg 300w, https:\/\/agarwoodhotel.com\/wp-content\/uploads\/2016\/01\/gallery-5-1-1024x569.jpg 1024w, https:\/\/agarwoodhotel.com\/wp-content\/uploads\/2016\/01\/gallery-5-1-768x427.jpg 768w, https:\/\/agarwoodhotel.com\/wp-content\/uploads\/2016\/01\/gallery-5-1-600x333.jpg 600w\" sizes=\"(max-width: 1170px) 100vw, 1170px\" \/><\/div><\/div>\t\t\t\t<\/div>\n\t\t\t\t<\/div>\n\t\t\t\t\t<\/div>\n\t\t<\/div>\n\t\t\t\t\t<\/div>\n\t\t<\/section>\n\t\t\t\t<\/div>\n\t\t","protected":false},"excerpt":{"rendered":"<p>Agarwood Hotel N\u1eb1m t\u1ea1i v\u1ecb tr\u00ed thu\u1eadn ti\u1ec7n \u1edf Qu\u1eadn Ho\u00e0n Ki\u1ebfm, Ha\u0300 N\u00f4\u0323i, Agarwood t\u1ecda l\u1ea1c c\u00e1ch H\u1ed3 Ho\u00e0n Ki\u1ebfm 8 ph\u00fat \u0111i b\u1ed9, \u00d4 Quan Ch\u01b0\u1edfng 600 m v\u00e0 Tr\u00e0ng Ti\u1ec1n Plaza ch\u01b0a \u0111\u1ebfn 1 km. Ch\u1ed7 ngh\u1ec9 n\u00e0y n\u1eb1m c\u00e1ch V\u0103n Mi\u1ebfu &#8211; Qu\u1ed1c T\u1eed Gi\u00e1m 2.2 km, Ho\u00e0ng th\u00e0nh Th\u0103ng Long [&hellip;]<\/p>\n","protected":false},"author":1,"featured_media":0,"parent":0,"menu_order":0,"comment_status":"closed","ping_status":"closed","template":"","meta":{"footnotes":""},"class_list":["post-2963","page","type-page","status-publish","hentry"],"_links":{"self":[{"href":"https:\/\/agarwoodhotel.com\/index.php\/wp-json\/wp\/v2\/pages\/2963","targetHints":{"allow":["GET"]}}],"collection":[{"href":"https:\/\/agarwoodhotel.com\/index.php\/wp-json\/wp\/v2\/pages"}],"about":[{"href":"https:\/\/agarwoodhotel.com\/index.php\/wp-json\/wp\/v2\/types\/page"}],"author":[{"embeddable":true,"href":"https:\/\/agarwoodhotel.com\/index.php\/wp-json\/wp\/v2\/users\/1"}],"replies":[{"embeddable":true,"href":"https:\/\/agarwoodhotel.com\/index.php\/wp-json\/wp\/v2\/comments?post=2963"}],"version-history":[{"count":3,"href":"https:\/\/agarwoodhotel.com\/index.php\/wp-json\/wp\/v2\/pages\/2963\/revisions"}],"predecessor-version":[{"id":3130,"href":"https:\/\/agarwoodhotel.com\/index.php\/wp-json\/wp\/v2\/pages\/2963\/revisions\/3130"}],"wp:attachment":[{"href":"https:\/\/agarwoodhotel.com\/index.php\/wp-json\/wp\/v2\/media?parent=2963"}],"curies":[{"name":"wp","href":"https:\/\/api.w.org\/{rel}","templated":true}]}}